{"id":16500,"date":"2026-03-04T17:27:27","date_gmt":"2026-03-04T16:27:27","guid":{"rendered":"https:\/\/openiasobshgb.jwlk.co\/about\/"},"modified":"2026-04-02T14:44:19","modified_gmt":"2026-04-02T13:44:19","slug":"a-propos","status":"publish","type":"page","link":"https:\/\/openiasobshgb.jwlk.co\/fr\/a-propos\/","title":{"rendered":"\u00c0 propos"},"content":{"rendered":"    <div class=\"hero-section yellow py-60 md:py-[160px] text-center bg-cover bg-center  bg-dark text-white  [&#038;_.sub-title-home]:opacity-80 [&#038;_.sub-title-home]:text-[32px] md:[&#038;_.sub-title-home]:text-[20px]\"\n         style=\"background-image: url('https:\/\/openiasobshgb.jwlk.co\/wp-content\/uploads\/2026\/03\/IASO-about-2.png')\">\n        <div class=\"container \">\n            \n\n<h1 class=\" wp-block-heading eplus-wrapper\">\u00c0 propos de IASO<\/h1>\n\n\n        <\/div>\n    <\/div>\n    \n\n    <div class=\"wrapper-container-block overflow-hidden py-[90px] md:!py-[64px] bg-color-gray \"\n         id=\"what-we-do\"\n         style=\"  \">\n        <div class=\"container\">\n            \n<p class=\"body-20 has-text-align-center eplus-wrapper eplus-styles-uid-1dc980\">IASO est une plateforme innovante de collecte de donn\u00e9es, open source et bilingue (anglais\/fran\u00e7ais), dot\u00e9e de fonctionnalit\u00e9s g\u00e9ospatiales avanc\u00e9es permettant de planifier, suivre et \u00e9valuer des programmes de sant\u00e9, environnementaux ou sociaux dans des contextes \u00e0 revenu faible et interm\u00e9diaire (PRFI). IASO est reconnue comme un <strong><a href=\"https:\/\/www.digitalpublicgoods.net\/r\/iaso\"><mark style=\"background-color:rgba(0, 0, 0, 0)\" class=\"has-inline-color has-yellow-color\">bien public num\u00e9rique<\/mark><\/a><\/strong> par la Digital Public Good Alliance et figure parmi les <strong><a href=\"https:\/\/www.globalgoodsguidebook.org\/global-goods\/iaso\/\"><mark style=\"background-color:rgba(0, 0, 0, 0)\" class=\"has-inline-color has-yellow-color\">Digital Square Software Global Goods<\/mark><\/a><\/strong>, ce qui t\u00e9moigne de son impact av\u00e9r\u00e9.<\/p>\n\n<div class=\"wp-block-image \">\n<figure class=\"aligncenter size-large is-resized eplus-wrapper\"><img decoding=\"async\" width=\"1024\" height=\"576\" src=\"https:\/\/openiasobshgb.jwlk.co\/wp-content\/uploads\/2026\/03\/IASO-in-the-world-1-1024x576.png\" alt=\"\" class=\"wp-image-16436\" style=\"aspect-ratio:1.778829095209935;width:818px;height:auto\" srcset=\"https:\/\/openiasobshgb.jwlk.co\/wp-content\/uploads\/2026\/03\/IASO-in-the-world-1-1024x576.png 1024w, https:\/\/openiasobshgb.jwlk.co\/wp-content\/uploads\/2026\/03\/IASO-in-the-world-1-300x169.png 300w, https:\/\/openiasobshgb.jwlk.co\/wp-content\/uploads\/2026\/03\/IASO-in-the-world-1-768x432.png 768w, https:\/\/openiasobshgb.jwlk.co\/wp-content\/uploads\/2026\/03\/IASO-in-the-world-1-1536x863.png 1536w, https:\/\/openiasobshgb.jwlk.co\/wp-content\/uploads\/2026\/03\/IASO-in-the-world-1-2048x1151.png 2048w\" sizes=\"(max-width: 1024px) 100vw, 1024px\" \/><\/figure>\n<\/div>\n\n        <\/div>\n    <\/div>\n    \n\n    <div class=\"wrapper-container-block overflow-hidden py-[90px] md:!py-[64px] bg-color-white \"\n         id=\"block_79692dffb101f17bdfd79684c009caa3\"\n         style=\" padding-top: 60px; padding-bottom: 60px; \">\n        <div class=\"container\">\n            \n<p class=\"body-20 has-text-align-center eplus-wrapper eplus-styles-uid-1dc980\">Les fonctionnalit\u00e9s cl\u00e9s d\u2019IASO s\u2019articulent autour de quatre composants interconnect\u00e9s, chacun renfor\u00e7ant les capacit\u00e9s des autres :<\/p>\n\n        <\/div>\n    <\/div>\n    \n\n    <div class=\"wrapper-container-block overflow-hidden py-[90px] md:!py-[64px] bg-color-white \"\n         id=\"block_4365e1026a161de6c56c8c117d6a4ac4\"\n         style=\" padding-top: 20px; padding-bottom: 20px; \">\n        <div class=\"container\">\n            \n    <div style=\"--color: #FFCD2D\" class=\"number-text-image-block flex w-full justify-between  gap-8  md:!flex-col\">\n        <div class=\"w-full flex flex-col justify-center   md:max-w-none\">\n                            <div class=\"flex gap-2.5 items-center\">\n                    <div class=\"relative max-w-[36px] leading-none\">\n                <span class=\"absolute left-1\/2 top-1\/2 -translate-x-1\/2\n                -translate-y-1\/2 font-extrabold text-[20px] text-white\">\n                    1                <\/span>\n                        <svg xmlns=\"http:\/\/www.w3.org\/2000\/svg\" width=\"36\" height=\"38\" viewBox=\"0 0 36 38\" fill=\"none\">\n                            <path d=\"M14 1.3094C16.4752 -0.119662 19.5248 -0.119662 22 1.3094L31.3205 6.6906C33.7957 8.11966 35.3205 10.7607 35.3205 13.6188V24.3812C35.3205 27.2393 33.7957 29.8803 31.3205 31.3094L22 36.6906C19.5248 38.1197 16.4752 38.1197 14 36.6906L4.67949 31.3094C2.20428 29.8803 0.679491 27.2393 0.679491 24.3812V13.6188C0.679491 10.7607 2.20428 8.11966 4.67949 6.6906L14 1.3094Z\"\n                                  fill=\"#FFCD2D\"\/>\n                        <\/svg>\n                    <\/div>\n                    <h3><\/h3>\n                <\/div>\n                        \n\n<h3 class=\" wp-block-heading eplus-wrapper\">Gestion des donn\u00e9es g\u00e9ospatiales (G\u00e9oregistre)<\/h3>\n\n\n<ul class=\" wp-block-list eplus-wrapper eplus-styles-uid-986f01\">\n<li class=\" eplus-wrapper\">G\u00e9rer plusieurs listes ma\u00eetresses de donn\u00e9es g\u00e9ographiques, y compris des structures hi\u00e9rarchiques (ex. : Pays \u2192 R\u00e9gion \u2192 District \u2192 Infrastructures), les coordonn\u00e9es GPS et les limites administratives.<\/li>\n\n\n\n<li class=\" eplus-wrapper\">Suivre l\u2019\u00e9volution et les mises \u00e0 jour des donn\u00e9es g\u00e9ographiques dans le temps.<\/li>\n\n\n\n<li class=\" eplus-wrapper\">Int\u00e9grer et visualiser plusieurs sources de donn\u00e9es g\u00e9ographiques.<\/li>\n\n\n\n<li class=\" eplus-wrapper\">Permettre aux \u00e9quipes de terrain de proposer des modifications via l\u2019application mobile IASO et de les examiner sur l\u2019interface web.<\/li>\n<\/ul>\n\n        <\/div>\n            <\/div>\n    \n\n        <\/div>\n    <\/div>\n    \n\n    <div class=\"wrapper-container-block overflow-hidden py-[90px] md:!py-[64px] bg-color-white \"\n         id=\"block_1e12429098fc2b45d894106de67951e6\"\n         style=\" padding-top: 40px; padding-bottom: 40px; \">\n        <div class=\"container\">\n            \n    <div style=\"--color: #FFCD2D\" class=\"number-text-image-block flex w-full justify-between  gap-8  md:!flex-col\">\n        <div class=\"w-full flex flex-col justify-center   md:max-w-none\">\n                            <div class=\"flex gap-2.5 items-center\">\n                    <div class=\"relative max-w-[36px] leading-none\">\n                <span class=\"absolute left-1\/2 top-1\/2 -translate-x-1\/2\n                -translate-y-1\/2 font-extrabold text-[20px] text-white\">\n                    2                <\/span>\n                        <svg xmlns=\"http:\/\/www.w3.org\/2000\/svg\" width=\"36\" height=\"38\" viewBox=\"0 0 36 38\" fill=\"none\">\n                            <path d=\"M14 1.3094C16.4752 -0.119662 19.5248 -0.119662 22 1.3094L31.3205 6.6906C33.7957 8.11966 35.3205 10.7607 35.3205 13.6188V24.3812C35.3205 27.2393 33.7957 29.8803 31.3205 31.3094L22 36.6906C19.5248 38.1197 16.4752 38.1197 14 36.6906L4.67949 31.3094C2.20428 29.8803 0.679491 27.2393 0.679491 24.3812V13.6188C0.679491 10.7607 2.20428 8.11966 4.67949 6.6906L14 1.3094Z\"\n                                  fill=\"#FFCD2D\"\/>\n                        <\/svg>\n                    <\/div>\n                    <h3><\/h3>\n                <\/div>\n                        \n\n<h3 class=\" wp-block-heading eplus-wrapper\">Collecte de donn\u00e9es structur\u00e9e g\u00e9ographiquement<\/h3>\n\n\n<ul class=\" wp-block-list eplus-wrapper eplus-styles-uid-3b2b4d\">\n<li class=\" eplus-wrapper\">Concevoir et importer des formulaires de collecte de donn\u00e9es en utilisant le format XLSForm largement connu.<\/li>\n\n\n\n<li class=\" eplus-wrapper\">Associer les formulaires \u00e0 un ou plusieurs niveaux g\u00e9ographiques (ex. : National, R\u00e9gional, District, Structure de sant\u00e9, etc.) pour structurer la collecte de donn\u00e9es.<\/li>\n\n\n\n<li class=\" eplus-wrapper\">Suivre l\u2019\u00e9volution des formulaires de collecte de donn\u00e9es dans le temps.<\/li>\n\n\n\n<li class=\" eplus-wrapper\">Examiner et analyser les questionnaires soumis via l\u2019application web.<\/li>\n\n\n\n<li class=\" eplus-wrapper\">Surveiller l\u2019exhaustivit\u00e9 des questionnaires \u00e0 travers les niveaux g\u00e9ographiques et identifier les lacunes potentielles.<\/li>\n<\/ul>\n\n        <\/div>\n            <\/div>\n    \n\n        <\/div>\n    <\/div>\n    \n\n    <div class=\"wrapper-container-block overflow-hidden py-[90px] md:!py-[64px] bg-color-white \"\n         id=\"block_1e12429098fc2b45d894106de67951e6\"\n         style=\" padding-top: 40px; padding-bottom: 40px; \">\n        <div class=\"container\">\n            \n    <div style=\"--color: #FFCD2D\" class=\"number-text-image-block flex w-full justify-between  gap-8  md:!flex-col\">\n        <div class=\"w-full flex flex-col justify-center   md:max-w-none\">\n                            <div class=\"flex gap-2.5 items-center\">\n                    <div class=\"relative max-w-[36px] leading-none\">\n                <span class=\"absolute left-1\/2 top-1\/2 -translate-x-1\/2\n                -translate-y-1\/2 font-extrabold text-[20px] text-white\">\n                    3                <\/span>\n                        <svg xmlns=\"http:\/\/www.w3.org\/2000\/svg\" width=\"36\" height=\"38\" viewBox=\"0 0 36 38\" fill=\"none\">\n                            <path d=\"M14 1.3094C16.4752 -0.119662 19.5248 -0.119662 22 1.3094L31.3205 6.6906C33.7957 8.11966 35.3205 10.7607 35.3205 13.6188V24.3812C35.3205 27.2393 33.7957 29.8803 31.3205 31.3094L22 36.6906C19.5248 38.1197 16.4752 38.1197 14 36.6906L4.67949 31.3094C2.20428 29.8803 0.679491 27.2393 0.679491 24.3812V13.6188C0.679491 10.7607 2.20428 8.11966 4.67949 6.6906L14 1.3094Z\"\n                                  fill=\"#FFCD2D\"\/>\n                        <\/svg>\n                    <\/div>\n                    <h3><\/h3>\n                <\/div>\n                        \n\n<h3 class=\" wp-block-heading eplus-wrapper\">Microplanification g\u00e9o-structur\u00e9e<\/h3>\n\n\n<ul class=\" wp-block-list eplus-wrapper eplus-styles-uid-809a9d\">\n<li class=\" eplus-wrapper\">G\u00e9rer et organiser les \u00e9quipes, y compris des structures hi\u00e9rarchiques d\u2019\u00e9quipes.<\/li>\n\n\n\n<li class=\" eplus-wrapper\">Attribuer des t\u00e2ches de collecte de donn\u00e9es aux \u00e9quipes et aux utilisateurs via une interface cartographique interactive.<\/li>\n\n\n\n<li class=\" eplus-wrapper\">D\u00e9finir les p\u00e9rim\u00e8tres de planification, les p\u00e9riodes et les questionnaires associ\u00e9s pour structurer les activit\u00e9s de terrain.<\/li>\n<\/ul>\n\n        <\/div>\n            <\/div>\n    \n\n        <\/div>\n    <\/div>\n    \n\n    <div class=\"wrapper-container-block overflow-hidden py-[90px] md:!py-[64px] bg-color-white \"\n         id=\"block_1e12429098fc2b45d894106de67951e6\"\n         style=\" padding-top: 40px; padding-bottom: 40px; \">\n        <div class=\"container\">\n            \n    <div style=\"--color: #FFCD2D\" class=\"number-text-image-block flex w-full justify-between  gap-8  md:!flex-col\">\n        <div class=\"w-full flex flex-col justify-center   md:max-w-none\">\n                            <div class=\"flex gap-2.5 items-center\">\n                    <div class=\"relative max-w-[36px] leading-none\">\n                <span class=\"absolute left-1\/2 top-1\/2 -translate-x-1\/2\n                -translate-y-1\/2 font-extrabold text-[20px] text-white\">\n                    4                <\/span>\n                        <svg xmlns=\"http:\/\/www.w3.org\/2000\/svg\" width=\"36\" height=\"38\" viewBox=\"0 0 36 38\" fill=\"none\">\n                            <path d=\"M14 1.3094C16.4752 -0.119662 19.5248 -0.119662 22 1.3094L31.3205 6.6906C33.7957 8.11966 35.3205 10.7607 35.3205 13.6188V24.3812C35.3205 27.2393 33.7957 29.8803 31.3205 31.3094L22 36.6906C19.5248 38.1197 16.4752 38.1197 14 36.6906L4.67949 31.3094C2.20428 29.8803 0.679491 27.2393 0.679491 24.3812V13.6188C0.679491 10.7607 2.20428 8.11966 4.67949 6.6906L14 1.3094Z\"\n                                  fill=\"#FFCD2D\"\/>\n                        <\/svg>\n                    <\/div>\n                    <h3><\/h3>\n                <\/div>\n                        \n\n<h3 class=\" wp-block-heading eplus-wrapper\">Gestion des entit\u00e9s et des workflows<\/h3>\n\n\n\n<p class=\" eplus-wrapper\">IASO permet le suivi des entit\u00e9s, qui peuvent \u00eatre des individus (ex. : b\u00e9n\u00e9ficiaires de programmes de sant\u00e9 ou sociaux) ou des objets physiques (ex. : fournitures, colis, moustiquaires). Les workflows facilitent le suivi des entit\u00e9s en reliant dynamiquement les formulaires en fonction des r\u00e9ponses pr\u00e9c\u00e9dentes.<\/p>\n\n\n<ul class=\" wp-block-list eplus-wrapper eplus-styles-uid-8e2566\">\n<li class=\" eplus-wrapper\">\n<\/ul>\n\n<ul class=\" wp-block-list eplus-wrapper eplus-styles-uid-8bbf23\">\n<li class=\" eplus-wrapper\">D\u00e9finir les types d\u2019entit\u00e9s (individus, objets, etc.).<\/li>\n\n\n\n<li class=\" eplus-wrapper\">Configurer des workflows pour d\u00e9terminer quels formulaires s\u2019ouvrent en fonction des r\u00e9ponses ant\u00e9rieures.<\/li>\n\n\n\n<li class=\" eplus-wrapper\">Enregistrer de nouvelles entit\u00e9s via l\u2019application mobile, m\u00eame hors ligne.<\/li>\n\n\n\n<li class=\" eplus-wrapper\">Synchroniser les donn\u00e9es entre les applications mobile et web.<\/li>\n\n\n\n<li class=\" eplus-wrapper\">Identifier, comparer et fusionner les enregistrements en double si n\u00e9cessaire.<\/li>\n\n\n\n<li class=\" eplus-wrapper\">Stocker les informations des entit\u00e9s sur des cartes NFC pour un acc\u00e8s et des mises \u00e0 jour simplifi\u00e9s.<\/li>\n<\/ul>\n\n        <\/div>\n            <\/div>\n    \n\n        <\/div>\n    <\/div>\n    \n\n    <div class=\"wrapper-container-block overflow-hidden py-[90px] md:!py-[64px] bg-color-white \"\n         id=\"block_79692dffb101f17bdfd79684c009caa3\"\n         style=\" padding-top: 60px; padding-bottom: 60px; \">\n        <div class=\"container\">\n            \n<p class=\"body-20 has-text-align-left eplus-wrapper eplus-styles-uid-c0b1a2\">Gr\u00e2ce \u00e0 son architecture flexible et \u00e9volutive, IASO est une solution puissante pour les organisations souhaitant am\u00e9liorer leur efficacit\u00e9 op\u00e9rationnelle et leur prise de d\u00e9cision bas\u00e9e sur les donn\u00e9es.<\/p>\n\n<p class=\"body-20 has-text-align-left eplus-wrapper eplus-styles-uid-c0b1a2\">IASO a \u00e9t\u00e9 mis en \u0153uvre au B\u00e9nin, au Burkina Faso, au Burundi, au Cameroun, en R\u00e9publique centrafricaine, en R\u00e9publique d\u00e9mocratique du Congo, en Ha\u00efti, en C\u00f4te d\u2019Ivoire, au Mali, au Niger, au Nigeria, au S\u00e9n\u00e9gal, au Soudan du Sud et en Ouganda. Il a jou\u00e9 un r\u00f4le cl\u00e9 dans la mise \u00e0 jour des donn\u00e9es g\u00e9ographiques en R\u00e9publique d\u00e9mocratique du Congo, en C\u00f4te d\u2019Ivoire et au Burkina Faso, o\u00f9 il sert \u00e9galement de g\u00e9oregistre officiel. \u00c0 l\u2019\u00e9chelle r\u00e9gionale, IASO soutient l\u2019Initiative mondiale pour l\u2019\u00e9radication de la poliomy\u00e9lite dans la r\u00e9gion AFRO, en fournissant des capacit\u00e9s robustes de gestion des \u00e9tablissements de sant\u00e9 et des donn\u00e9es g\u00e9ospatiales.<\/p>\n\n<p class=\"body-20 has-text-align-left eplus-wrapper eplus-styles-uid-c0b1a2\">Avec ses fonctionnalit\u00e9s g\u00e9ospatiales avanc\u00e9es, IASO est une solution de premier plan pour la digitalisation des campagnes \u00e0 composante g\u00e9ographique, permettant une planification, un suivi et une ex\u00e9cution pr\u00e9cis des interventions sanitaires essentielles. Que ce soit pour les campagnes de vaccination (rougeole, polio, fi\u00e8vre jaune, etc.) ou pour la distribution d\u2019\u00e9l\u00e9ments de sant\u00e9 essentiels (moustiquaires, chimio-pr\u00e9vention saisonni\u00e8re du paludisme, etc.), IASO garantit un ciblage efficace et une allocation optimis\u00e9e des ressources.<\/p>\n\n<p class=\"body-20 has-text-align-left eplus-wrapper eplus-styles-uid-c0b1a2\">Plus r\u00e9cemment, IASO a soutenu la digitalisation d\u2019un <a href=\"https:\/\/www.openiaso.com\/nutritional-programme-beneficiary-tracking-tool\/\"><mark style=\"background-color:rgba(0, 0, 0, 0)\" class=\"has-inline-color has-yellow-color\">programme nutritionnel des Nations Unies destin\u00e9 aux enfants de moins de cinq ans et aux femmes enceintes et allaitantes<\/mark><\/a>, avec des plans d\u2019expansion vers plusieurs pays. Son adaptabilit\u00e9 et son \u00e9volutivit\u00e9 en font un outil puissant pour le suivi des individus et des ressources dans divers contextes, y compris le suivi des agents de sant\u00e9 communautaires et la gestion logistique. En fournissant des donn\u00e9es en temps r\u00e9el et de haute qualit\u00e9, IASO am\u00e9liore la prise de d\u00e9cision, renforce la coordination et garantit que les interventions atteignent ceux qui en ont le plus besoin.<\/p>\n\n        <\/div>\n    <\/div>\n    ","protected":false},"excerpt":{"rendered":"","protected":false},"author":4,"featured_media":16760,"parent":0,"menu_order":0,"comment_status":"closed","ping_status":"closed","template":"","meta":{"_acf_changed":false,"content-type":"","editor_plus_copied_stylings":"{}","footnotes":""},"class_list":["post-16500","page","type-page","status-publish","has-post-thumbnail","hentry"],"acf":[],"yoast_head":"<!-- This site is optimized with the Yoast SEO plugin v26.2 - https:\/\/yoast.com\/wordpress\/plugins\/seo\/ -->\n<title>\u00c0 propos - IASO<\/title>\n<meta name=\"description\" content=\"IASO est reconnue comme un bien public num\u00e9rique et figure parmi les Digital Square Software Global Goods, ce qui t\u00e9moigne de son impact.\" \/>\n<meta name=\"robots\" content=\"index, follow, max-snippet:-1, max-image-preview:large, max-video-preview:-1\" \/>\n<link rel=\"canonical\" href=\"https:\/\/openiasobshgb.jwlk.co\/fr\/a-propos\/\" \/>\n<meta property=\"og:locale\" content=\"fr_FR\" \/>\n<meta property=\"og:type\" content=\"article\" \/>\n<meta property=\"og:title\" content=\"\u00c0 propos - IASO\" \/>\n<meta property=\"og:description\" content=\"IASO est reconnue comme un bien public num\u00e9rique et figure parmi les Digital Square Software Global Goods, ce qui t\u00e9moigne de son impact.\" \/>\n<meta property=\"og:url\" content=\"https:\/\/openiasobshgb.jwlk.co\/fr\/a-propos\/\" \/>\n<meta property=\"og:site_name\" content=\"IASO\" \/>\n<meta property=\"article:modified_time\" content=\"2026-04-02T13:44:19+00:00\" \/>\n<meta property=\"og:image\" content=\"https:\/\/openiasobshgb.jwlk.co\/wp-content\/uploads\/2026\/03\/IASO-about-2-1024x669.png\" \/>\n\t<meta property=\"og:image:width\" content=\"1024\" \/>\n\t<meta property=\"og:image:height\" content=\"669\" \/>\n\t<meta property=\"og:image:type\" content=\"image\/png\" \/>\n<meta name=\"twitter:card\" content=\"summary_large_image\" \/>\n<meta name=\"twitter:site\" content=\"@blsqhub\" \/>\n<meta name=\"twitter:label1\" content=\"Est. reading time\" \/>\n\t<meta name=\"twitter:data1\" content=\"4 minutes\" \/>\n<script type=\"application\/ld+json\" class=\"yoast-schema-graph\">{\"@context\":\"https:\/\/schema.org\",\"@graph\":[{\"@type\":\"WebPage\",\"@id\":\"https:\/\/openiasobshgb.jwlk.co\/fr\/a-propos\/\",\"url\":\"https:\/\/openiasobshgb.jwlk.co\/fr\/a-propos\/\",\"name\":\"\u00c0 propos - IASO\",\"isPartOf\":{\"@id\":\"https:\/\/openiasobshgb.jwlk.co\/fr\/#website\"},\"primaryImageOfPage\":{\"@id\":\"https:\/\/openiasobshgb.jwlk.co\/fr\/a-propos\/#primaryimage\"},\"image\":{\"@id\":\"https:\/\/openiasobshgb.jwlk.co\/fr\/a-propos\/#primaryimage\"},\"thumbnailUrl\":\"https:\/\/openiasobshgb.jwlk.co\/wp-content\/uploads\/2026\/03\/IASO-about-2.png\",\"datePublished\":\"2026-03-04T16:27:27+00:00\",\"dateModified\":\"2026-04-02T13:44:19+00:00\",\"description\":\"IASO est reconnue comme un bien public num\u00e9rique et figure parmi les Digital Square Software Global Goods, ce qui t\u00e9moigne de son impact.\",\"breadcrumb\":{\"@id\":\"https:\/\/openiasobshgb.jwlk.co\/fr\/a-propos\/#breadcrumb\"},\"inLanguage\":\"fr-FR\",\"potentialAction\":[{\"@type\":\"ReadAction\",\"target\":[\"https:\/\/openiasobshgb.jwlk.co\/fr\/a-propos\/\"]}]},{\"@type\":\"ImageObject\",\"inLanguage\":\"fr-FR\",\"@id\":\"https:\/\/openiasobshgb.jwlk.co\/fr\/a-propos\/#primaryimage\",\"url\":\"https:\/\/openiasobshgb.jwlk.co\/wp-content\/uploads\/2026\/03\/IASO-about-2.png\",\"contentUrl\":\"https:\/\/openiasobshgb.jwlk.co\/wp-content\/uploads\/2026\/03\/IASO-about-2.png\",\"width\":1614,\"height\":1055},{\"@type\":\"BreadcrumbList\",\"@id\":\"https:\/\/openiasobshgb.jwlk.co\/fr\/a-propos\/#breadcrumb\",\"itemListElement\":[{\"@type\":\"ListItem\",\"position\":1,\"name\":\"Home\",\"item\":\"https:\/\/openiasobshgb.jwlk.co\/fr\/page-daccueil\/\"},{\"@type\":\"ListItem\",\"position\":2,\"name\":\"\u00c0 propos\"}]},{\"@type\":\"WebSite\",\"@id\":\"https:\/\/openiasobshgb.jwlk.co\/fr\/#website\",\"url\":\"https:\/\/openiasobshgb.jwlk.co\/fr\/\",\"name\":\"Bluesquare\",\"description\":\"\",\"publisher\":{\"@id\":\"https:\/\/openiasobshgb.jwlk.co\/fr\/#organization\"},\"potentialAction\":[{\"@type\":\"SearchAction\",\"target\":{\"@type\":\"EntryPoint\",\"urlTemplate\":\"https:\/\/openiasobshgb.jwlk.co\/fr\/?s={search_term_string}\"},\"query-input\":{\"@type\":\"PropertyValueSpecification\",\"valueRequired\":true,\"valueName\":\"search_term_string\"}}],\"inLanguage\":\"fr-FR\"},{\"@type\":\"Organization\",\"@id\":\"https:\/\/openiasobshgb.jwlk.co\/fr\/#organization\",\"name\":\"Bluesquare\",\"url\":\"https:\/\/openiasobshgb.jwlk.co\/fr\/\",\"logo\":{\"@type\":\"ImageObject\",\"inLanguage\":\"fr-FR\",\"@id\":\"https:\/\/openiasobshgb.jwlk.co\/fr\/#\/schema\/logo\/image\/\",\"url\":\"https:\/\/openiasobshgb.jwlk.co\/wp-content\/uploads\/2025\/10\/Logo-Banner.png\",\"contentUrl\":\"https:\/\/openiasobshgb.jwlk.co\/wp-content\/uploads\/2025\/10\/Logo-Banner.png\",\"width\":2400,\"height\":1260,\"caption\":\"Bluesquare\"},\"image\":{\"@id\":\"https:\/\/openiasobshgb.jwlk.co\/fr\/#\/schema\/logo\/image\/\"},\"sameAs\":[\"https:\/\/x.com\/blsqhub\",\"https:\/\/www.linkedin.com\/company\/bluesquarehub\",\"https:\/\/www.youtube.com\/channel\/UC33QxHTlZzQyXUJnXtWeyBw\/\"]}]}<\/script>\n<!-- \/ Yoast SEO plugin. -->","yoast_head_json":{"title":"\u00c0 propos - IASO","description":"IASO est reconnue comme un bien public num\u00e9rique et figure parmi les Digital Square Software Global Goods, ce qui t\u00e9moigne de son impact.","robots":{"index":"index","follow":"follow","max-snippet":"max-snippet:-1","max-image-preview":"max-image-preview:large","max-video-preview":"max-video-preview:-1"},"canonical":"https:\/\/openiasobshgb.jwlk.co\/fr\/a-propos\/","og_locale":"fr_FR","og_type":"article","og_title":"\u00c0 propos - IASO","og_description":"IASO est reconnue comme un bien public num\u00e9rique et figure parmi les Digital Square Software Global Goods, ce qui t\u00e9moigne de son impact.","og_url":"https:\/\/openiasobshgb.jwlk.co\/fr\/a-propos\/","og_site_name":"IASO","article_modified_time":"2026-04-02T13:44:19+00:00","og_image":[{"width":1024,"height":669,"url":"https:\/\/openiasobshgb.jwlk.co\/wp-content\/uploads\/2026\/03\/IASO-about-2-1024x669.png","type":"image\/png"}],"twitter_card":"summary_large_image","twitter_site":"@blsqhub","twitter_misc":{"Est. reading time":"4 minutes"},"schema":{"@context":"https:\/\/schema.org","@graph":[{"@type":"WebPage","@id":"https:\/\/openiasobshgb.jwlk.co\/fr\/a-propos\/","url":"https:\/\/openiasobshgb.jwlk.co\/fr\/a-propos\/","name":"\u00c0 propos - IASO","isPartOf":{"@id":"https:\/\/openiasobshgb.jwlk.co\/fr\/#website"},"primaryImageOfPage":{"@id":"https:\/\/openiasobshgb.jwlk.co\/fr\/a-propos\/#primaryimage"},"image":{"@id":"https:\/\/openiasobshgb.jwlk.co\/fr\/a-propos\/#primaryimage"},"thumbnailUrl":"https:\/\/openiasobshgb.jwlk.co\/wp-content\/uploads\/2026\/03\/IASO-about-2.png","datePublished":"2026-03-04T16:27:27+00:00","dateModified":"2026-04-02T13:44:19+00:00","description":"IASO est reconnue comme un bien public num\u00e9rique et figure parmi les Digital Square Software Global Goods, ce qui t\u00e9moigne de son impact.","breadcrumb":{"@id":"https:\/\/openiasobshgb.jwlk.co\/fr\/a-propos\/#breadcrumb"},"inLanguage":"fr-FR","potentialAction":[{"@type":"ReadAction","target":["https:\/\/openiasobshgb.jwlk.co\/fr\/a-propos\/"]}]},{"@type":"ImageObject","inLanguage":"fr-FR","@id":"https:\/\/openiasobshgb.jwlk.co\/fr\/a-propos\/#primaryimage","url":"https:\/\/openiasobshgb.jwlk.co\/wp-content\/uploads\/2026\/03\/IASO-about-2.png","contentUrl":"https:\/\/openiasobshgb.jwlk.co\/wp-content\/uploads\/2026\/03\/IASO-about-2.png","width":1614,"height":1055},{"@type":"BreadcrumbList","@id":"https:\/\/openiasobshgb.jwlk.co\/fr\/a-propos\/#breadcrumb","itemListElement":[{"@type":"ListItem","position":1,"name":"Home","item":"https:\/\/openiasobshgb.jwlk.co\/fr\/page-daccueil\/"},{"@type":"ListItem","position":2,"name":"\u00c0 propos"}]},{"@type":"WebSite","@id":"https:\/\/openiasobshgb.jwlk.co\/fr\/#website","url":"https:\/\/openiasobshgb.jwlk.co\/fr\/","name":"Bluesquare","description":"","publisher":{"@id":"https:\/\/openiasobshgb.jwlk.co\/fr\/#organization"},"potentialAction":[{"@type":"SearchAction","target":{"@type":"EntryPoint","urlTemplate":"https:\/\/openiasobshgb.jwlk.co\/fr\/?s={search_term_string}"},"query-input":{"@type":"PropertyValueSpecification","valueRequired":true,"valueName":"search_term_string"}}],"inLanguage":"fr-FR"},{"@type":"Organization","@id":"https:\/\/openiasobshgb.jwlk.co\/fr\/#organization","name":"Bluesquare","url":"https:\/\/openiasobshgb.jwlk.co\/fr\/","logo":{"@type":"ImageObject","inLanguage":"fr-FR","@id":"https:\/\/openiasobshgb.jwlk.co\/fr\/#\/schema\/logo\/image\/","url":"https:\/\/openiasobshgb.jwlk.co\/wp-content\/uploads\/2025\/10\/Logo-Banner.png","contentUrl":"https:\/\/openiasobshgb.jwlk.co\/wp-content\/uploads\/2025\/10\/Logo-Banner.png","width":2400,"height":1260,"caption":"Bluesquare"},"image":{"@id":"https:\/\/openiasobshgb.jwlk.co\/fr\/#\/schema\/logo\/image\/"},"sameAs":["https:\/\/x.com\/blsqhub","https:\/\/www.linkedin.com\/company\/bluesquarehub","https:\/\/www.youtube.com\/channel\/UC33QxHTlZzQyXUJnXtWeyBw\/"]}]}},"_links":{"self":[{"href":"https:\/\/openiasobshgb.jwlk.co\/fr\/wp-json\/wp\/v2\/pages\/16500","targetHints":{"allow":["GET"]}}],"collection":[{"href":"https:\/\/openiasobshgb.jwlk.co\/fr\/wp-json\/wp\/v2\/pages"}],"about":[{"href":"https:\/\/openiasobshgb.jwlk.co\/fr\/wp-json\/wp\/v2\/types\/page"}],"author":[{"embeddable":true,"href":"https:\/\/openiasobshgb.jwlk.co\/fr\/wp-json\/wp\/v2\/users\/4"}],"replies":[{"embeddable":true,"href":"https:\/\/openiasobshgb.jwlk.co\/fr\/wp-json\/wp\/v2\/comments?post=16500"}],"version-history":[{"count":4,"href":"https:\/\/openiasobshgb.jwlk.co\/fr\/wp-json\/wp\/v2\/pages\/16500\/revisions"}],"predecessor-version":[{"id":16898,"href":"https:\/\/openiasobshgb.jwlk.co\/fr\/wp-json\/wp\/v2\/pages\/16500\/revisions\/16898"}],"wp:featuredmedia":[{"embeddable":true,"href":"https:\/\/openiasobshgb.jwlk.co\/fr\/wp-json\/wp\/v2\/media\/16760"}],"wp:attachment":[{"href":"https:\/\/openiasobshgb.jwlk.co\/fr\/wp-json\/wp\/v2\/media?parent=16500"}],"curies":[{"name":"wp","href":"https:\/\/api.w.org\/{rel}","templated":true}]}}